{"id":14,"date":"2023-11-17T08:59:29","date_gmt":"2023-11-17T07:59:29","guid":{"rendered":"https:\/\/roblesofficiel.fr\/?page_id=14"},"modified":"2025-03-10T23:00:21","modified_gmt":"2025-03-10T22:00:21","slug":"concert","status":"publish","type":"page","link":"https:\/\/roblesofficiel.fr\/index.php\/concert\/","title":{"rendered":"CONCERT"},"content":{"rendered":"<div class=\"vce-row-container\"><div class=\"vce-row vce-element--has-background vce-row--col-gap-30 vce-row-equal-height vce-row-content--top\" data-vce-full-width=\"true\" data-vce-stretch-content=\"true\" id=\"el-50e0ab61\" data-vce-do-apply=\"all el-50e0ab61\"><div class=\"vce-content-background-container\"><\/div><div class=\"vce-row-content\" data-vce-element-content=\"true\"><div class=\"vce-col vce-col--md-auto vce-col--xs-1 vce-col--xs-last vce-col--xs-first vce-col--sm-last vce-col--sm-first vce-col--md-last vce-col--lg-last vce-col--xl-last vce-col--md-first vce-col--lg-first vce-col--xl-first\" id=\"el-8c50db21\"><div class=\"vce-col-inner\" data-vce-do-apply=\"border margin background  el-8c50db21\"><div class=\"vce-col-content\" data-vce-element-content=\"true\" data-vce-do-apply=\"padding el-8c50db21\"><div class=\"vce-single-image-container vce-single-image--align-left\"><div class=\"vce vce-single-image-wrapper\" id=\"el-846f7ace\" data-vce-do-apply=\"all el-846f7ace\"><figure><div class=\"vce-single-image-figure-inner\" style=\"width: 1024px;\"><div class=\"vce-single-image-inner vce-single-image--absolute vce-single-image-zoom-container\" style=\"width: 100%; padding-bottom: 56.1523%; position: relative; overflow: hidden;\"><img loading=\"lazy\" decoding=\"async\" class=\"vce-single-image\"  width=\"1024\" height=\"575\" srcset=\"https:\/\/roblesofficiel.fr\/wp-content\/uploads\/2023\/12\/fondo-pantalla-1024x576.jpg 1024w, https:\/\/roblesofficiel.fr\/wp-content\/uploads\/2023\/12\/fondo-pantalla-320x180.jpg 320w, https:\/\/roblesofficiel.fr\/wp-content\/uploads\/2023\/12\/fondo-pantalla-480x270.jpg 480w, https:\/\/roblesofficiel.fr\/wp-content\/uploads\/2023\/12\/fondo-pantalla-800x450.jpg 800w\" src=\"https:\/\/roblesofficiel.fr\/wp-content\/uploads\/2023\/12\/fondo-pantalla-1024x576.jpg\" data-img-src=\"https:\/\/roblesofficiel.fr\/wp-content\/uploads\/2023\/12\/fondo-pantalla.jpg\" data-attachment-id=\"40\"  alt=\"\" title=\"fondo pantalla\" \/><img decoding=\"async\" src=\"https:\/\/roblesofficiel.fr\/wp-content\/uploads\/2023\/12\/fondo-pantalla.jpg\" class=\"zoomImg\" style=\"position: absolute; top: 0px; left: 0px; opacity: 0; width: 1366px; height: 768px; border: none; max-width: none; max-height: none;\"><\/div><\/div><figcaption hidden=\"\"><\/figcaption><\/figure><\/div><\/div><\/div><\/div><\/div><\/div><\/div><\/div><div class=\"vce-row-container\" data-vce-boxed-width=\"true\"><div class=\"vce-row vce-row--col-gap-30 vce-row-equal-height vce-row-content--top\" id=\"el-f21ebc4c\" data-vce-do-apply=\"all el-f21ebc4c\"><div class=\"vce-content-background-container\"><\/div><div class=\"vce-row-content\" data-vce-element-content=\"true\"><div class=\"vce-col vce-col--md-auto vce-col--xs-1 vce-col--xs-last vce-col--xs-first vce-col--sm-last vce-col--sm-first vce-col--md-last vce-col--lg-last vce-col--xl-last vce-col--md-first vce-col--lg-first vce-col--xl-first\" id=\"el-db8798b8\"><div class=\"vce-col-inner\" data-vce-do-apply=\"border margin background  el-db8798b8\"><div class=\"vce-col-content\" data-vce-element-content=\"true\" data-vce-do-apply=\"padding el-db8798b8\"><div class=\"vce-text-block\"><div class=\"vce-text-block-wrapper vce\" id=\"el-98379772\" data-vce-do-apply=\"all el-98379772\"><h1 style=\"text-align: center;\"><span style=\"font-size: 18pt;\">\"une formation sur sc\u00e8ne capable de jouer de la douceur et de la dentelle, mais aussi des musiques puissantes et revendicatives\"<\/span><\/h1><p>&nbsp;<\/p><\/div><\/div><\/div><\/div><\/div><\/div><\/div><\/div><div class=\"vce-row-container\" data-vce-boxed-width=\"true\"><div class=\"vce-row vce-row--col-gap-30 vce-row-equal-height vce-row-content--top\" id=\"el-3f925181\" data-vce-do-apply=\"all el-3f925181\"><div class=\"vce-content-background-container\"><\/div><div class=\"vce-row-content\" data-vce-element-content=\"true\"><div class=\"vce-col vce-col--md-auto vce-col--xs-1 vce-col--xs-last vce-col--xs-first vce-col--sm-last vce-col--sm-first vce-col--md-first vce-col--lg-first vce-col--xl-first\" id=\"el-23139fa2\"><div class=\"vce-col-inner\" data-vce-do-apply=\"border margin background  el-23139fa2\"><div class=\"vce-col-content\" data-vce-element-content=\"true\" data-vce-do-apply=\"padding el-23139fa2\"><div class=\"vce-text-block\"><div class=\"vce-text-block-wrapper vce\" id=\"el-fd95f1a6\" data-vce-do-apply=\"all el-fd95f1a6\"><h2>2023<\/h2><p class=\"font_8 wixui-rich-text__text\"><span class=\"wixui-rich-text__text\" style=\"font-size: 10pt; color: #000000;\"><span class=\"color_11 wixui-rich-text__text\">23 juin \u00e0 Chorges (05)<\/span><\/span><\/p><p class=\"font_8 wixui-rich-text__text\"><span class=\"wixui-rich-text__text\" style=\"font-size: 10pt; color: #000000;\"><span class=\"color_11 wixui-rich-text__text\">30 juin \u00e0 Vourey (38)<\/span><\/span><\/p><p class=\"font_8 wixui-rich-text__text\"><span class=\"wixui-rich-text__text\" style=\"font-size: 10pt; color: #000000;\"><span class=\"color_11 wixui-rich-text__text\">21 juillet \u00e0 Charavines (38)<\/span><\/span><\/p><p class=\"font_8 wixui-rich-text__text\"><span class=\"wixui-rich-text__text\" style=\"font-size: 10pt; color: #000000;\"><span class=\"color_11 wixui-rich-text__text\">26 aout \u00e0 Grand Lemps (38)<\/span><\/span><\/p><\/div><\/div><\/div><\/div><\/div><div class=\"vce-col vce-col--md-auto vce-col--xs-1 vce-col--xs-last vce-col--xs-first vce-col--sm-last vce-col--sm-first\" id=\"el-cf2bc212\"><div class=\"vce-col-inner\" data-vce-do-apply=\"border margin background  el-cf2bc212\"><div class=\"vce-col-content\" data-vce-element-content=\"true\" data-vce-do-apply=\"padding el-cf2bc212\"><div class=\"vce-text-block\"><div class=\"vce-text-block-wrapper vce\" id=\"el-1a280957\" data-vce-do-apply=\"all el-1a280957\"><h2>2022<\/h2><p class=\"font_9 wixui-rich-text__text\"><span class=\"color_11 wixui-rich-text__text\" style=\"font-size: 10pt; color: #000000;\"><span class=\"wixui-rich-text__text\">22 Juillet \u00e0 Lyon (69)<\/span><\/span><\/p><p class=\"font_9 wixui-rich-text__text\"><span class=\"color_11 wixui-rich-text__text\" style=\"font-size: 10pt; color: #000000;\"><span class=\"wixui-rich-text__text\">29 Juillet \u00e0 Voiron (38)<\/span><\/span><\/p><p class=\"font_9 wixui-rich-text__text\"><span class=\"color_11 wixui-rich-text__text\" style=\"font-size: 10pt; color: #000000;\"><span class=\"wixui-rich-text__text\">01 Ao\u00fbt \u00e0 Caluire (38)<\/span><\/span><\/p><p class=\"font_9 wixui-rich-text__text\"><span class=\"color_11 wixui-rich-text__text\" style=\"font-size: 10pt; color: #000000;\"><span class=\"wixui-rich-text__text\">04 Ao\u00fbt \u00e0 Apprieu (38)<\/span><\/span><\/p><p class=\"font_9 wixui-rich-text__text\"><span class=\"color_11 wixui-rich-text__text\" style=\"font-size: 10pt; color: #000000;\"><span class=\"wixui-rich-text__text\">15 Ao\u00fbt \u00e0 Boug Saint Maurice (73)<\/span><\/span><\/p><p class=\"font_9 wixui-rich-text__text\"><span class=\"color_11 wixui-rich-text__text\" style=\"font-size: 10pt; color: #000000;\"><span class=\"wixui-rich-text__text\">18 Ao\u00fbt \u00e0 Banon (04)<\/span><\/span><\/p><p class=\"font_9 wixui-rich-text__text\"><span class=\"color_11 wixui-rich-text__text\" style=\"font-size: 10pt; color: #000000;\"><span class=\"wixui-rich-text__text\">21 Ao\u00fbt \u00e0 Malijai (04)<\/span><\/span><\/p><p class=\"font_9 wixui-rich-text__text\"><span class=\"color_11 wixui-rich-text__text\" style=\"font-size: 10pt; color: #000000;\"><span class=\"wixui-rich-text__text\">10 et 11 Septembre F\u00eate de L\u2019Humanit\u00e9 \u00e0 Paris (75)<\/span><\/span><\/p><\/div><\/div><\/div><\/div><\/div><div class=\"vce-col vce-col--md-auto vce-col--xs-1 vce-col--xs-last vce-col--xs-first vce-col--sm-last vce-col--sm-first vce-col--md-last vce-col--lg-last vce-col--xl-last\" id=\"el-26e0ddee\"><div class=\"vce-col-inner\" data-vce-do-apply=\"border margin background  el-26e0ddee\"><div class=\"vce-col-content\" data-vce-element-content=\"true\" data-vce-do-apply=\"padding el-26e0ddee\"><div class=\"vce-text-block\"><div class=\"vce-text-block-wrapper vce\" id=\"el-1c864991\" data-vce-do-apply=\"all el-1c864991\"><h2>2021<\/h2><p class=\"font_9 wixui-rich-text__text\"><span class=\"color_11 wixui-rich-text__text\" style=\"font-size: 10pt; color: #000000;\"><span class=\"wixui-rich-text__text\">Festival ticket culture Apprieu 27 novembre<\/span><\/span><\/p><\/div><\/div><\/div><\/div><\/div><\/div><\/div><\/div><div class=\"vce-row-container\" data-vce-boxed-width=\"true\"><div class=\"vce-row vce-row--col-gap-30 vce-row-equal-height vce-row-content--top\" id=\"el-9624326a\" data-vce-do-apply=\"all el-9624326a\"><div class=\"vce-content-background-container\"><\/div><div class=\"vce-row-content\" data-vce-element-content=\"true\"><div class=\"vce-col vce-col--md-auto vce-col--xs-1 vce-col--xs-last vce-col--xs-first vce-col--sm-last vce-col--sm-first vce-col--md-first vce-col--lg-first vce-col--xl-first\" id=\"el-fb527ab5\"><div class=\"vce-col-inner\" data-vce-do-apply=\"border margin background  el-fb527ab5\"><div class=\"vce-col-content\" data-vce-element-content=\"true\" data-vce-do-apply=\"padding el-fb527ab5\"><div class=\"vce-text-block\"><div class=\"vce-text-block-wrapper vce\" id=\"el-d0a6394d\" data-vce-do-apply=\"all el-d0a6394d\"><h2>2019<\/h2><p class=\"font_9 wixui-rich-text__text\"><span class=\"color_11 wixui-rich-text__text\" style=\"font-size: 10pt; color: #000000;\"><span class=\"wixui-rich-text__text\">02 A\u00f4ut - Mus\u00e9e de l'eau de pont en Royans<\/span><\/span><\/p><p class=\"font_9 wixui-rich-text__text\"><span class=\"color_11 wixui-rich-text__text\" style=\"font-size: 10pt; color: #000000;\"><span class=\"wixui-rich-text__text\">20 Septembre - Coupe Icare 2019<\/span><\/span><\/p><\/div><\/div><\/div><\/div><\/div><div class=\"vce-col vce-col--md-auto vce-col--xs-1 vce-col--xs-last vce-col--xs-first vce-col--sm-last vce-col--sm-first\" id=\"el-8d2fd3f5\"><div class=\"vce-col-inner\" data-vce-do-apply=\"border margin background  el-8d2fd3f5\"><div class=\"vce-col-content\" data-vce-element-content=\"true\" data-vce-do-apply=\"padding el-8d2fd3f5\"><div class=\"vce-text-block\"><div class=\"vce-text-block-wrapper vce\" id=\"el-eebf46ce\" data-vce-do-apply=\"all el-eebf46ce\"><h2>2018<\/h2><p class=\"font_9 wixui-rich-text__text\"><span class=\"color_11 wixui-rich-text__text\" style=\"color: #000000; font-size: 10pt;\"><span class=\"wixui-rich-text__text\">13 Janvier&nbsp; - <a class=\"wixui-rich-text__text\" style=\"color: #000000;\" href=\"http:\/\/laboucheriechevaline.blogspirit.com\/\" target=\"_blank\" rel=\"noreferrer noopener\">Boucherie Chevaline<\/a> \u00e0 Romans-sur-Is\u00e8re<\/span><\/span><\/p><p class=\"font_9 wixui-rich-text__text\"><span class=\"color_11 wixui-rich-text__text\" style=\"color: #000000; font-size: 10pt;\"><span class=\"wixui-rich-text__text\">27 Avril \u2013 &nbsp;<a class=\"wixui-rich-text__text\" style=\"color: #000000;\" href=\"http:\/\/www.mjcpremol.com\/#Page_d_accueil.x\" target=\"_blank\" rel=\"noreferrer noopener\">MJC Pr\u00e9mol<\/a> \u2013 Grenoble (38)&nbsp;<\/span><\/span><\/p><p class=\"font_9 wixui-rich-text__text\"><span class=\"color_11 wixui-rich-text__text\" style=\"color: #000000; font-size: 10pt;\"><span class=\"wixui-rich-text__text\">01 Juin - MJC Voiron&nbsp;<\/span><\/span><\/p><p class=\"font_9 wixui-rich-text__text\"><span class=\"color_11 wixui-rich-text__text\" style=\"color: #000000; font-size: 10pt;\"><span class=\"wixui-rich-text__text\">21 Juin - F\u00eate de la Musique au Jardin de Ville \u00e0 Grenoble&nbsp; (France Bleue Is\u00e8re \/Sacem)<\/span><\/span><\/p><p class=\"font_9 wixui-rich-text__text\"><span class=\"color_11 wixui-rich-text__text\" style=\"color: #000000; font-size: 10pt;\"><span class=\"wixui-rich-text__text\">02 A\u00f4ut&nbsp; - Festival Brassens \u00e0 Charavines<\/span><\/span><\/p><p class=\"font_9 wixui-rich-text__text\"><span class=\"color_11 wixui-rich-text__text\" style=\"color: #000000; font-size: 10pt;\"><span class=\"wixui-rich-text__text\">04 Octobre - l'Amp\u00e9rage \u00e0 Grenoble SORTIE DU NOUVEL ALBUM<\/span><\/span><\/p><p class=\"font_9 wixui-rich-text__text\">&nbsp;<\/p><\/div><\/div><\/div><\/div><\/div><div class=\"vce-col vce-col--md-auto vce-col--xs-1 vce-col--xs-last vce-col--xs-first vce-col--sm-last vce-col--sm-first vce-col--md-last vce-col--lg-last vce-col--xl-last\" id=\"el-11c91d27\"><div class=\"vce-col-inner\" data-vce-do-apply=\"border margin background  el-11c91d27\"><div class=\"vce-col-content\" data-vce-element-content=\"true\" data-vce-do-apply=\"padding el-11c91d27\"><div class=\"vce-text-block\"><div class=\"vce-text-block-wrapper vce\" id=\"el-b56095d9\" data-vce-do-apply=\"all el-b56095d9\"><h2>2017<\/h2><p class=\"font_9 wixui-rich-text__text\"><span class=\"color_11 wixui-rich-text__text\" style=\"color: #000000; font-size: 10pt;\"><span class=\"wixui-rich-text__text\">21 juillet - Mus\u00e9e Dauphinois \u00e0 Grenoble (38)<\/span><\/span><\/p><p class=\"font_9 wixui-rich-text__text\"><span class=\"color_11 wixui-rich-text__text\" style=\"color: #000000; font-size: 10pt;\"><span class=\"wixui-rich-text__text\">22 juillet&nbsp; - Maison du Patrimoine \u00e0 Hi\u00e8res-sur-Amby (38)<\/span><\/span><\/p><p class=\"font_9 wixui-rich-text__text\"><span class=\"color_11 wixui-rich-text__text\" style=\"color: #000000; font-size: 10pt;\"><span class=\"wixui-rich-text__text\">23 juillet&nbsp; - Parc Thermal \u00e0 Allevard (73)<\/span><\/span><\/p><p class=\"font_9 wixui-rich-text__text\"><span class=\"color_11 wixui-rich-text__text\" style=\"color: #000000; font-size: 10pt;\"><span class=\"wixui-rich-text__text\">07 Octobre \u2013 <a class=\"wixui-rich-text__text\" style=\"color: #000000;\" href=\"https:\/\/www.la-fee-verte.fr\/\" target=\"_blank\" rel=\"noreferrer noopener\">m\u00e9diath\u00e8que \u00ab La F\u00e9e Verte<\/a> \u00bb&nbsp; Grand Lemps (38)&nbsp;<\/span><\/span><\/p><p class=\"font_9 wixui-rich-text__text\"><span class=\"color_11 wixui-rich-text__text\" style=\"color: #000000; font-size: 10pt;\"><span class=\"wixui-rich-text__text\">01 D\u00e9cembre 2017 \u2013 Caf\u00e9 Benoit \u2013 Voiron (38)&nbsp;<\/span><\/span><\/p><\/div><\/div><\/div><\/div><\/div><\/div><\/div><\/div><div class=\"vce-row-container\" data-vce-boxed-width=\"true\"><div class=\"vce-row vce-row--col-gap-30 vce-row-equal-height vce-row-content--top\" id=\"el-9f32b9eb\" data-vce-do-apply=\"all el-9f32b9eb\"><div class=\"vce-content-background-container\"><\/div><div class=\"vce-row-content\" data-vce-element-content=\"true\"><div class=\"vce-col vce-col--md-auto vce-col--xs-1 vce-col--xs-last vce-col--xs-first vce-col--sm-last vce-col--sm-first vce-col--md-first vce-col--lg-first vce-col--xl-first\" id=\"el-23789e74\"><div class=\"vce-col-inner\" data-vce-do-apply=\"border margin background  el-23789e74\"><div class=\"vce-col-content\" data-vce-element-content=\"true\" data-vce-do-apply=\"padding el-23789e74\"><div class=\"vce-text-block\"><div class=\"vce-text-block-wrapper vce\" id=\"el-368c2d60\" data-vce-do-apply=\"all el-368c2d60\"><h2>2016<\/h2><p class=\"font_9 wixui-rich-text__text\"><span class=\"color_11 wixui-rich-text__text\" style=\"color: #000000; font-size: 10pt;\"><span class=\"wixui-rich-text__text\">06 D\u00e9cembre - Th\u00e9\u00e2tre Pr\u00e9mol (38)<\/span><\/span><\/p><p class=\"font_9 wixui-rich-text__text\"><span class=\"color_11 wixui-rich-text__text\" style=\"color: #000000; font-size: 10pt;\"><span class=\"wixui-rich-text__text\">08 Octobre - La Fabrique des Bauges (73)<\/span><\/span><\/p><p class=\"font_9 wixui-rich-text__text\"><span class=\"color_11 wixui-rich-text__text\" style=\"color: #000000; font-size: 10pt;\"><span class=\"wixui-rich-text__text\">21 Juin - Grand Lemps (38)<\/span><\/span><\/p><p class=\"font_9 wixui-rich-text__text\"><span class=\"color_11 wixui-rich-text__text\" style=\"color: #000000; font-size: 10pt;\"><span class=\"wixui-rich-text__text\">27 Mai - Lycee Pierre Beghin \u00e0 Moirans (38)<\/span><\/span><\/p><p class=\"font_9 wixui-rich-text__text\"><span class=\"color_11 wixui-rich-text__text\" style=\"color: #000000; font-size: 10pt;\"><span class=\"wixui-rich-text__text\">O4 Mai - Renage (38)<\/span><\/span><\/p><p class=\"font_9 wixui-rich-text__text\"><span class=\"color_11 wixui-rich-text__text\" style=\"color: #000000; font-size: 10pt;\"><span class=\"wixui-rich-text__text\">07 Avril - Lycee Berlioz \u00e0 la Cote St Andr\u00e9 (38)<\/span><\/span><\/p><p class=\"font_9 wixui-rich-text__text\"><span class=\"color_11 wixui-rich-text__text\" style=\"color: #000000; font-size: 10pt;\"><span class=\"wixui-rich-text__text\">22 Janvier - Le Brin de Zinc (73)<\/span><\/span><\/p><p class=\"font_9 wixui-rich-text__text\"><span class=\"color_11 wixui-rich-text__text\"><span class=\"wixui-rich-text__text\"><span class=\"wixGuard wixui-rich-text__text\">\u200b<\/span><\/span><\/span><\/p><p class=\"font_9 wixui-rich-text__text\">&nbsp;<\/p><\/div><\/div><\/div><\/div><\/div><div class=\"vce-col vce-col--md-auto vce-col--xs-1 vce-col--xs-last vce-col--xs-first vce-col--sm-last vce-col--sm-first\" id=\"el-237f750d\"><div class=\"vce-col-inner\" data-vce-do-apply=\"border margin background  el-237f750d\"><div class=\"vce-col-content\" data-vce-element-content=\"true\" data-vce-do-apply=\"padding el-237f750d\"><div class=\"vce-text-block\"><div class=\"vce-text-block-wrapper vce\" id=\"el-38db756a\" data-vce-do-apply=\"all el-38db756a\"><h2>2015<\/h2><p class=\"font_9 wixui-rich-text__text\"><span class=\"color_11 wixui-rich-text__text\" style=\"color: #000000; font-size: 10pt;\"><span class=\"wixui-rich-text__text\">06 F\u00e9vrier - La Cabine Saint-Hugues de Chartreuse (38)<\/span><\/span><\/p><p class=\"font_9 wixui-rich-text__text\"><span class=\"color_11 wixui-rich-text__text\" style=\"color: #000000; font-size: 10pt;\"><span class=\"wixui-rich-text__text\">28 F\u00e9vrier - Espace Berthet - Gi\u00e8re (38)&nbsp;<\/span><\/span><\/p><p class=\"font_9 wixui-rich-text__text\"><span class=\"color_11 wixui-rich-text__text\" style=\"color: #000000; font-size: 10pt;\"><span class=\"wixui-rich-text__text\">30 Avril&nbsp; - La Belle Humeur - Saint Eti\u00e8nne de Saint Geoirs (38)<\/span><\/span><\/p><p class=\"font_9 wixui-rich-text__text\"><span class=\"color_11 wixui-rich-text__text\" style=\"color: #000000; font-size: 10pt;\"><span class=\"wixui-rich-text__text\">05 Juin - Espace Victor schoelcher - Seyssins (38)<\/span><\/span><\/p><p class=\"font_9 wixui-rich-text__text\"><span class=\"color_11 wixui-rich-text__text\" style=\"color: #000000; font-size: 10pt;\"><span class=\"wixui-rich-text__text\">03 Octobre&nbsp; - l'Atrium - Le Fontanil (38)<\/span><\/span><\/p><p class=\"font_9 wixui-rich-text__text\"><span class=\"color_11 wixui-rich-text__text\" style=\"color: #000000; font-size: 10pt;\"><span class=\"wixui-rich-text__text\">10 Octobre - Le Cabaret PoP'Ulaire - Gap (05)<\/span><\/span><\/p><p class=\"font_9 wixui-rich-text__text\"><span class=\"color_11 wixui-rich-text__text\" style=\"color: #000000; font-size: 10pt;\"><span class=\"wixui-rich-text__text\">16 Octobre - Le Pot au Noir (38)<\/span><\/span><\/p><p class=\"font_9 wixui-rich-text__text\"><span class=\"color_11 wixui-rich-text__text\" style=\"color: #000000; font-size: 10pt;\"><span class=\"wixui-rich-text__text\">31 Octobre -&nbsp; Ticket Culture - Izeaux (38)<\/span><\/span><\/p><\/div><\/div><\/div><\/div><\/div><div class=\"vce-col vce-col--md-auto vce-col--xs-1 vce-col--xs-last vce-col--xs-first vce-col--sm-last vce-col--sm-first vce-col--md-last vce-col--lg-last vce-col--xl-last\" id=\"el-71483d39\"><div class=\"vce-col-inner\" data-vce-do-apply=\"border margin background  el-71483d39\"><div class=\"vce-col-content\" data-vce-element-content=\"true\" data-vce-do-apply=\"padding el-71483d39\"><div class=\"vce-text-block\"><div class=\"vce-text-block-wrapper vce\" id=\"el-56af2c9b\" data-vce-do-apply=\"all el-56af2c9b\"><\/div><\/div><\/div><\/div><\/div><\/div><\/div><\/div><div class=\"vce-row-container\" data-vce-boxed-width=\"true\"><div class=\"vce-row vce-row--col-gap-30 vce-row-equal-height vce-row-content--top\" id=\"el-a1e0c312\" data-vce-do-apply=\"all el-a1e0c312\"><div class=\"vce-row-content\" data-vce-element-content=\"true\"><div class=\"vce-col vce-col--md-auto vce-col--xs-1 vce-col--xs-last vce-col--xs-first vce-col--sm-last vce-col--sm-first vce-col--md-last vce-col--lg-last vce-col--xl-last vce-col--md-first vce-col--lg-first vce-col--xl-first\" id=\"el-330eb59c\"><div class=\"vce-col-inner\" data-vce-do-apply=\"border margin background  el-330eb59c\"><div class=\"vce-col-content\" data-vce-element-content=\"true\" data-vce-do-apply=\"padding el-330eb59c\"><div class=\"vce vce-separator-container vce-separator--align-center vce-separator--style-solid\" id=\"el-49d4ad50\" data-vce-do-apply=\"margin el-49d4ad50\"><div class=\"vce-separator vce-separator--color-bfc0c1 vce-separator--width-60 vce-separator--thickness-1\" data-vce-do-apply=\"border padding background  el-49d4ad50\"><\/div><\/div><\/div><\/div><\/div><\/div><\/div><\/div><div class=\"vce-row-container\" data-vce-boxed-width=\"true\"><div class=\"vce-row vce-row--col-gap-30 vce-row-equal-height vce-row-content--top\" id=\"el-c5e3a145\" data-vce-do-apply=\"all el-c5e3a145\"><div class=\"vce-content-background-container\"><\/div><div class=\"vce-row-content\" data-vce-element-content=\"true\"><div class=\"vce-col vce-col--md-auto vce-col--xs-1 vce-col--xs-last vce-col--xs-first vce-col--sm-last vce-col--sm-first vce-col--md-last vce-col--lg-last vce-col--xl-last vce-col--md-first vce-col--lg-first vce-col--xl-first\" id=\"el-776e644d\"><div class=\"vce-col-inner\" data-vce-do-apply=\"border margin background  el-776e644d\"><div class=\"vce-content-background-container\"><\/div><div class=\"vce-col-content\" data-vce-element-content=\"true\" data-vce-do-apply=\"padding el-776e644d\"><div class=\"vce-single-image-container vce-single-image--align-left\"><div class=\"vce vce-single-image-wrapper\" id=\"el-c2fd5d86\" data-vce-do-apply=\"all el-c2fd5d86\"><figure><div class=\"vce-single-image-figure-inner\" style=\"width: 720px;\"><div class=\"vce-single-image-inner vce-single-image--absolute vce-image-filter--amaro\" style=\"width: 100%; padding-bottom: 75%;\"><img loading=\"lazy\" decoding=\"async\" class=\"vce-single-image\"  width=\"720\" height=\"540\" srcset=\"https:\/\/roblesofficiel.fr\/wp-content\/uploads\/2025\/03\/Fiche_technique_son_Robles-2025-320x240.jpg 320w, https:\/\/roblesofficiel.fr\/wp-content\/uploads\/2025\/03\/Fiche_technique_son_Robles-2025-480x360.jpg 480w, https:\/\/roblesofficiel.fr\/wp-content\/uploads\/2025\/03\/Fiche_technique_son_Robles-2025-720x540.jpg 720w\" src=\"https:\/\/roblesofficiel.fr\/wp-content\/uploads\/2025\/03\/Fiche_technique_son_Robles-2025-720x540.jpg\" data-img-src=\"https:\/\/roblesofficiel.fr\/wp-content\/uploads\/2025\/03\/Fiche_technique_son_Robles-2025.jpg\" data-attachment-id=\"124\"  alt=\"\" title=\"Fiche_technique_son_Roble\u0300s 2025\" \/><\/div><\/div><figcaption hidden=\"\"><\/figcaption><\/figure><\/div><\/div><\/div><\/div><\/div><\/div><\/div><\/div>\n","protected":false},"excerpt":{"rendered":"<p>\u00ab\u00a0une formation sur sc\u00e8ne capable de jouer de la douceur et de la dentelle, mais aussi des musiques puissantes et revendicatives\u00a0\u00bb&nbsp;202323 juin \u00e0 Chorges (05)30 juin \u00e0 Vourey (38)21 juillet \u00e0 Charavines (38)26 aout \u00e0 Grand Lemps (38)202222 Juillet \u00e0 Lyon (69)29 Juillet \u00e0 Voiron (38)01 Ao\u00fbt \u00e0 Caluire (38)04 Ao\u00fbt \u00e0 Apprieu (38)15 Ao\u00fbt [&hellip;]<\/p>\n","protected":false},"author":1,"featured_media":0,"parent":0,"menu_order":0,"comment_status":"closed","ping_status":"closed","template":"","meta":{"footnotes":""},"class_list":["post-14","page","type-page","status-publish","hentry"],"_links":{"self":[{"href":"https:\/\/roblesofficiel.fr\/index.php\/wp-json\/wp\/v2\/pages\/14","targetHints":{"allow":["GET"]}}],"collection":[{"href":"https:\/\/roblesofficiel.fr\/index.php\/wp-json\/wp\/v2\/pages"}],"about":[{"href":"https:\/\/roblesofficiel.fr\/index.php\/wp-json\/wp\/v2\/types\/page"}],"author":[{"embeddable":true,"href":"https:\/\/roblesofficiel.fr\/index.php\/wp-json\/wp\/v2\/users\/1"}],"replies":[{"embeddable":true,"href":"https:\/\/roblesofficiel.fr\/index.php\/wp-json\/wp\/v2\/comments?post=14"}],"version-history":[{"count":16,"href":"https:\/\/roblesofficiel.fr\/index.php\/wp-json\/wp\/v2\/pages\/14\/revisions"}],"predecessor-version":[{"id":125,"href":"https:\/\/roblesofficiel.fr\/index.php\/wp-json\/wp\/v2\/pages\/14\/revisions\/125"}],"wp:attachment":[{"href":"https:\/\/roblesofficiel.fr\/index.php\/wp-json\/wp\/v2\/media?parent=14"}],"curies":[{"name":"wp","href":"https:\/\/api.w.org\/{rel}","templated":true}]}}